{"id":38,"date":"2017-02-21T14:14:14","date_gmt":"2017-02-21T14:14:14","guid":{"rendered":"https:\/\/humanas.blog.scielo.org\/en\/?page_id=38"},"modified":"2025-10-23T14:29:35","modified_gmt":"2025-10-23T17:29:35","slug":"editorial-committee","status":"publish","type":"page","link":"https:\/\/humanas.blog.scielo.org\/en\/editorial-committee\/","title":{"rendered":"Editorial Committee"},"content":{"rendered":"<p>The Editorial Committee of the blog SciELO in Perpective &#8211; Humanities is made up of editors representing the set of SciELO Brasil Collection journal editors from the areas of human sciences, applied social sciences, linguistics, letters and arts, which are elected for a term of two Years by the SciELO editors of the respective areas, being allowed the renewal.<\/p>\n<p>The Editorial Committee meets 2 to 3 times a year and has the following main functions:<\/p>\n<p>Define policies and procedures for the operation of the blog;<br \/>\nTo watch and evaluate the development of the blog, promoting: a) adjustments necessary for the fulfillment of its objectives; B) improvement of the editorial line; C) equity in the participation of periodicals; And d) maximizing quality;<br \/>\nAt the request of the Operational Editorial Team, support the review and approval of the contributions submitted for submission to the blog;<br \/>\nCollaborate with the preparation of posts for the blog post.<\/p>\n<p>The Editorial Editorial Team is responsible for providing the technical secretariat functions of the Editorial Committee of the blog.<\/p>\n<p><strong>Editorial Committee Composition<br \/>\n<\/strong><\/p>\n<table style=\"height: 146px;\" width=\"615\">\n<tbody>\n<tr>\n<td width=\"115\"><a href=\"https:\/\/humanas.blog.scielo.org\/wp-content\/uploads\/2014\/06\/abel1.png\"><img loading=\"lazy\" decoding=\"async\" class=\"aligncenter wp-image-576 \" src=\"https:\/\/humanas.blog.scielo.org\/wp-content\/uploads\/2014\/06\/abel1-150x150.png\" alt=\"abel1\" width=\"82\" height=\"82\" \/><\/a><\/td>\n<td width=\"115\"><a href=\"https:\/\/humanas.blog.scielo.org\/wp-content\/uploads\/2014\/06\/alfredo_bosi.jpg\"><img loading=\"lazy\" decoding=\"async\" class=\"aligncenter wp-image-555 \" src=\"https:\/\/humanas.blog.scielo.org\/wp-content\/uploads\/2014\/06\/alfredo_bosi-142x150.jpg\" alt=\"alfredo_bosi\" width=\"82\" height=\"86\" \/><\/a><\/td>\n<td width=\"115\"><a href=\"https:\/\/humanas.blog.scielo.org\/wp-content\/uploads\/2014\/06\/antonio_lessa.jpg\"><img loading=\"lazy\" decoding=\"async\" class=\"aligncenter wp-image-557 \" src=\"https:\/\/humanas.blog.scielo.org\/wp-content\/uploads\/2014\/06\/antonio_lessa-142x150.jpg\" alt=\"antonio_lessa\" width=\"82\" height=\"86\" \/><\/a><\/td>\n<td width=\"115\"><a href=\"https:\/\/humanas.blog.scielo.org\/wp-content\/uploads\/2014\/06\/beth_brait.jpg\"><img loading=\"lazy\" decoding=\"async\" class=\"aligncenter wp-image-558 \" src=\"https:\/\/humanas.blog.scielo.org\/wp-content\/uploads\/2014\/06\/beth_brait-142x150.jpg\" alt=\"beth_brait\" width=\"82\" height=\"86\" \/><\/a><\/td>\n<td width=\"115\"><a href=\"https:\/\/humanas.blog.scielo.org\/wp-content\/uploads\/2014\/06\/breno_bringel.jpg\"><img loading=\"lazy\" decoding=\"async\" class=\"aligncenter wp-image-559 \" src=\"https:\/\/humanas.blog.scielo.org\/wp-content\/uploads\/2014\/06\/breno_bringel-142x150.jpg\" alt=\"breno_bringel\" width=\"82\" height=\"87\" \/><\/a><\/td>\n<\/tr>\n<tr>\n<td width=\"115\">\n<p style=\"text-align: center;\"><strong>Abel L. Packer<br \/>\n<\/strong>Programa SciELO, Coordenador<\/p>\n<\/td>\n<td style=\"text-align: center;\" width=\"115\"><strong>Alfredo Bosi<br \/>\n<\/strong><em>Estudos Avan\u00e7ados<\/em><\/td>\n<td style=\"text-align: center;\" width=\"115\"><strong>Ant\u00f4nio Carlos Lessa<br \/>\n<\/strong><em>Revista Brasileira de Pol\u00edtica Internacional<\/em><\/td>\n<td style=\"text-align: center;\" width=\"115\"><strong>Beth Brait<br \/>\n<\/strong><em>Bakhtiniana: Revista de Estudos do Discurso (Online)<\/em><strong><br \/>\n<\/strong><\/td>\n<td style=\"text-align: center;\" width=\"115\"><strong>Breno Bringel<br \/>\n<\/strong><em>Dados &#8211; Revista de Ci\u00eancias Sociais<\/em><\/td>\n<\/tr>\n<\/tbody>\n<\/table>\n<table style=\"height: 197px;\" width=\"623\">\n<tbody>\n<tr>\n<td width=\"97\"><a href=\"https:\/\/humanas.blog.scielo.org\/wp-content\/uploads\/2014\/06\/claudia_mayorga.jpg\"><img loading=\"lazy\" decoding=\"async\" class=\"aligncenter wp-image-561\" src=\"https:\/\/humanas.blog.scielo.org\/wp-content\/uploads\/2014\/06\/claudia_mayorga-142x150.jpg\" alt=\"claudia_mayorga\" width=\"82\" height=\"86\" \/><\/a><\/td>\n<td width=\"97\"><a href=\"https:\/\/humanas.blog.scielo.org\/wp-content\/uploads\/2014\/06\/denise_trento.jpg\"><img loading=\"lazy\" decoding=\"async\" class=\"aligncenter wp-image-562\" src=\"https:\/\/humanas.blog.scielo.org\/wp-content\/uploads\/2014\/06\/denise_trento-142x150.jpg\" alt=\"denise_trento\" width=\"82\" height=\"86\" \/><\/a><\/td>\n<td width=\"97\"><a href=\"https:\/\/humanas.blog.scielo.org\/wp-content\/uploads\/2014\/06\/ivany_pino.jpg\"><img loading=\"lazy\" decoding=\"async\" class=\"aligncenter wp-image-563 \" src=\"https:\/\/humanas.blog.scielo.org\/wp-content\/uploads\/2014\/06\/ivany_pino-142x150.jpg\" alt=\"ivany_pino\" width=\"82\" height=\"87\" \/><\/a><\/td>\n<td width=\"97\"><a href=\"https:\/\/humanas.blog.scielo.org\/wp-content\/uploads\/2014\/06\/regina_facchini.jpg\"><img loading=\"lazy\" decoding=\"async\" class=\"aligncenter wp-image-567 \" src=\"https:\/\/humanas.blog.scielo.org\/wp-content\/uploads\/2014\/06\/regina_facchini-142x150.jpg\" alt=\"regina_facchini\" width=\"82\" height=\"87\" \/><\/a><\/td>\n<td width=\"97\"><a href=\"https:\/\/humanas.blog.scielo.org\/wp-content\/uploads\/2014\/06\/pedro_Jacobi.jpg\"><img loading=\"lazy\" decoding=\"async\" class=\"aligncenter wp-image-565 \" src=\"https:\/\/humanas.blog.scielo.org\/wp-content\/uploads\/2014\/06\/pedro_Jacobi-150x150.jpg\" alt=\"pedro_Jacobi\" width=\"87\" height=\"87\" \/><\/a><\/td>\n<td width=\"97\"><a href=\"https:\/\/humanas.blog.scielo.org\/wp-content\/uploads\/2014\/06\/peter_spink.jpg\"><img loading=\"lazy\" decoding=\"async\" class=\"aligncenter wp-image-566\" src=\"https:\/\/humanas.blog.scielo.org\/wp-content\/uploads\/2014\/06\/peter_spink-142x150.jpg\" alt=\"peter_spink\" width=\"82\" height=\"86\" \/><\/a><\/td>\n<\/tr>\n<tr>\n<td width=\"97\">\n<p style=\"text-align: center;\"><strong>Claudia Mayorga<br \/>\n<\/strong><em>Psicologia &amp; Sociedade<\/em><\/p>\n<\/td>\n<td width=\"97\">\n<p style=\"text-align: center;\"><strong>Denise Trento<br \/>\n<\/strong><em>Educa\u00e7\u00e3o e Pesquisa<\/em><\/p>\n<\/td>\n<td width=\"97\">\n<p style=\"text-align: center;\"><strong>Ivany Rodrigues Pino<br \/>\n<\/strong><em>Educa\u00e7\u00e3o &amp; Sociedade<\/em><\/p>\n<\/td>\n<td width=\"97\">\n<p style=\"text-align: center;\"><strong>Regina Facchini<br \/>\n<\/strong><em>Cadernos Pagu<\/em><\/p>\n<\/td>\n<td width=\"97\">\n<p style=\"text-align: center;\"><strong>Pedro Roberto Jacobi<br \/>\n<\/strong><em>Ambiente &amp; Sociedade<\/em><\/p>\n<\/td>\n<td width=\"97\">\n<p style=\"text-align: center;\"><strong>Peter K. Spink<br \/>\n<\/strong><em>Revista de Administra\u00e7\u00e3o P\u00fablica<\/em><\/p>\n<\/td>\n<\/tr>\n<\/tbody>\n<\/table>\n<p><strong>Editorial Team<br \/>\n<\/strong><\/p>\n<p>Abel L. Packer<br \/>\nAmanda Ramalho<br \/>\nCarolina Tanigushi<br \/>\nEmmanuelita Emmanuel<br \/>\nDenise Peres<br \/>\nGiovanna Brito<br \/>\nJ\u00e9ssica Chimatti<br \/>\nMaria Alves<\/p>\n","protected":false},"excerpt":{"rendered":"<p>The Editorial Committee of the blog SciELO in Perpective &#8211; Humanities is made up of editors representing the set of <span class=\"ellipsis\">&hellip;<\/span> <span class=\"more-link-wrap\"><a href=\"https:\/\/humanas.blog.scielo.org\/en\/editorial-committee\/\" class=\"more-link\"><span>Read More &rarr;<\/span><\/a><\/span><\/p>\n","protected":false},"author":1,"featured_media":0,"parent":0,"menu_order":0,"comment_status":"closed","ping_status":"closed","template":"","meta":{"_monsterinsights_skip_tracking":false,"_monsterinsights_sitenote_active":false,"_monsterinsights_sitenote_note":"","_monsterinsights_sitenote_category":0,"footnotes":"","_links_to":"","_links_to_target":""},"class_list":["post-38","page","type-page","status-publish","hentry"],"aioseo_notices":[],"_links":{"self":[{"href":"https:\/\/humanas.blog.scielo.org\/en\/wp-json\/wp\/v2\/pages\/38","targetHints":{"allow":["GET"]}}],"collection":[{"href":"https:\/\/humanas.blog.scielo.org\/en\/wp-json\/wp\/v2\/pages"}],"about":[{"href":"https:\/\/humanas.blog.scielo.org\/en\/wp-json\/wp\/v2\/types\/page"}],"author":[{"embeddable":true,"href":"https:\/\/humanas.blog.scielo.org\/en\/wp-json\/wp\/v2\/users\/1"}],"replies":[{"embeddable":true,"href":"https:\/\/humanas.blog.scielo.org\/en\/wp-json\/wp\/v2\/comments?post=38"}],"version-history":[{"count":8,"href":"https:\/\/humanas.blog.scielo.org\/en\/wp-json\/wp\/v2\/pages\/38\/revisions"}],"predecessor-version":[{"id":1735,"href":"https:\/\/humanas.blog.scielo.org\/en\/wp-json\/wp\/v2\/pages\/38\/revisions\/1735"}],"wp:attachment":[{"href":"https:\/\/humanas.blog.scielo.org\/en\/wp-json\/wp\/v2\/media?parent=38"}],"curies":[{"name":"wp","href":"https:\/\/api.w.org\/{rel}","templated":true}]}}